{"id":1516,"date":"2025-12-14T20:29:00","date_gmt":"2025-12-15T00:29:00","guid":{"rendered":"https:\/\/www.bonshopper.com\/?post_type=product&#038;p=1516.html"},"modified":"2025-12-14T20:37:53","modified_gmt":"2025-12-15T00:37:53","slug":"bfflove-kersenbloesem-spa-cadeauset-5-delige-bad-body-set-voor-vrouwen","status":"publish","type":"product","link":"https:\/\/www.bonshopper.com\/nl\/gezondheid-en-beauty\/bfflove-kersenbloesem-spa-cadeauset-5-delige-bad-body-set-voor-vrouwen.html","title":{"rendered":"BFFLOVE Kersenbloesem Spa Cadeauset \u2013 5\u2011delige Bad &#038; Body Set voor Vrouwen"},"content":{"rendered":"","protected":false},"excerpt":{"rendered":"<p>&nbsp;<\/p>\n<p><strong>BFFLOVE Kersenbloesem Spa Cadeauset \u2013 5 Delig<\/strong><br \/>\nVerwen haar met deze luxe kersenbloesem bad- en lichaamsset. Perfect voor verjaardagen, Kerstmis, Moederdag, Valentijnsdag of elke gelegenheid. Deze spa cadeaumand is ontworpen om te hydrateren, ontspannen en verwennen.<\/p>\n<p><strong>Natuurlijk &amp; Huidvriendelijk<\/strong><br \/>\nGe\u00efnspireerd met pure essenti\u00eble oli\u00ebn en Vitamine E. Helpt de droge huid te verzachten en te hydrateren. Geschikt voor alle huidtypes \u2013 gecombineerd, droog, normaal of vet.<\/p>\n<p><strong>5\u2011delige Reisformaat Toiletries<\/strong><br \/>\nBevat alles voor een ontspannende spa\u2011ervaring:<\/p>\n<ul>\n<li>Massageolie (30 ml)<\/li>\n<li>Geurkaars (50 g)<\/li>\n<li>Badzout (190 g)<\/li>\n<li>Handcr\u00e8me (30 ml)<\/li>\n<li>Zeep (100 g)<br \/>\nCompacte formaten maken dit setje ideaal voor reizen, zelfzorg of als attent bedankcadeau.<\/li>\n<\/ul>\n<p><strong>Perfect Verjaardagscadeau voor Vrouwen<\/strong><br \/>\nElegant verpakt in een stevige cadeaubox, klaar om te geven of direct te versturen. Een persoonlijk spa cadeau dat zorg en aandacht toont.<\/p>\n<p><strong>Heerlijke Kersenbloesemgeur<\/strong><br \/>\nGe\u00efnspireerd door de charme van kersenbloesembossen. De geur vult de lucht met een kalmerend aroma en laat je ontspannen alsof je in een bloeiende tuin bent.<\/p>\n<p><strong>Exquise Cadeauset voor Alle Gelegenheden<\/strong><br \/>\nMooi verpakt en veelzijdig, ideaal als cadeau voor verjaardagen, feestdagen, jubilea of gewoon om waardering te tonen. Perfect voor moeders, zussen, vriendinnen, leraren of collega\u2019s.<\/p>\n<p>&nbsp;<\/p>\n","protected":false},"featured_media":1510,"template":"","meta":{"site-sidebar-layout":"default","site-content-layout":"","ast-site-content-layout":"default","site-content-style":"default","site-sidebar-style":"default","ast-global-header-display":"","ast-banner-title-visibility":"","ast-main-header-display":"","ast-hfb-above-header-display":"","ast-hfb-below-header-display":"","ast-hfb-mobile-header-display":"","site-post-title":"","ast-breadcrumbs-content":"","ast-featured-img":"","footer-sml-layout":"","ast-disable-related-posts":"","theme-transparent-header-meta":"default","adv-header-id-meta":"","stick-header-meta":"","header-above-stick-meta":"","header-main-stick-meta":"","header-below-stick-meta":"","astra-migrate-meta-layouts":"set","ast-page-background-enabled":"default","ast-page-background-meta":{"desktop":{"background-color":"var(--ast-global-color-5)","background-image":"","background-repeat":"repeat","background-position":"center center","background-size":"auto","background-attachment":"scroll","background-type":"","background-media":"","overlay-type":"","overlay-color":"","overlay-opacity":"","overlay-gradient":""},"tablet":{"background-color":"","background-image":"","background-repeat":"repeat","background-position":"center center","background-size":"auto","background-attachment":"scroll","background-type":"","background-media":"","overlay-type":"","overlay-color":"","overlay-opacity":"","overlay-gradient":""},"mobile":{"background-color":"","background-image":"","background-repeat":"repeat","background-position":"center center","background-size":"auto","background-attachment":"scroll","background-type":"","background-media":"","overlay-type":"","overlay-color":"","overlay-opacity":"","overlay-gradient":""}},"ast-content-background-meta":{"desktop":{"background-color":"var(--ast-global-color-4)","background-image":"","background-repeat":"repeat","background-position":"center center","background-size":"auto","background-attachment":"scroll","background-type":"","background-media":"","overlay-type":"","overlay-color":"","overlay-opacity":"","overlay-gradient":""},"tablet":{"background-color":"var(--ast-global-color-4)","background-image":"","background-repeat":"repeat","background-position":"center center","background-size":"auto","background-attachment":"scroll","background-type":"","background-media":"","overlay-type":"","overlay-color":"","overlay-opacity":"","overlay-gradient":""},"mobile":{"background-color":"var(--ast-global-color-4)","background-image":"","background-repeat":"repeat","background-position":"center center","background-size":"auto","background-attachment":"scroll","background-type":"","background-media":"","overlay-type":"","overlay-color":"","overlay-opacity":"","overlay-gradient":""}},"_themeisle_gutenberg_block_has_review":false},"product_cat":[49],"product_tag":[],"class_list":{"0":"post-1516","1":"product","2":"type-product","3":"status-publish","4":"has-post-thumbnail","6":"product_cat-gezondheid-en-beauty","7":"desktop-align-left","8":"tablet-align-left","9":"mobile-align-left","11":"first","12":"instock","13":"shipping-taxable","14":"purchasable","15":"product-type-simple"},"_links":{"self":[{"href":"https:\/\/www.bonshopper.com\/nl\/wp-json\/wp\/v2\/product\/1516","targetHints":{"allow":["GET"]}}],"collection":[{"href":"https:\/\/www.bonshopper.com\/nl\/wp-json\/wp\/v2\/product"}],"about":[{"href":"https:\/\/www.bonshopper.com\/nl\/wp-json\/wp\/v2\/types\/product"}],"wp:featuredmedia":[{"embeddable":true,"href":"https:\/\/www.bonshopper.com\/nl\/wp-json\/wp\/v2\/media\/1510"}],"wp:attachment":[{"href":"https:\/\/www.bonshopper.com\/nl\/wp-json\/wp\/v2\/media?parent=1516"}],"wp:term":[{"taxonomy":"product_cat","embeddable":true,"href":"https:\/\/www.bonshopper.com\/nl\/wp-json\/wp\/v2\/product_cat?post=1516"},{"taxonomy":"product_tag","embeddable":true,"href":"https:\/\/www.bonshopper.com\/nl\/wp-json\/wp\/v2\/product_tag?post=1516"}],"curies":[{"name":"wp","href":"https:\/\/api.w.org\/{rel}","templated":true}]}}